{"id":369,"date":"2019-07-20T11:01:52","date_gmt":"2019-07-20T09:01:52","guid":{"rendered":"http:\/\/lesgonies.fr\/?page_id=369"},"modified":"2025-09-08T08:46:07","modified_gmt":"2025-09-08T06:46:07","slug":"actualites","status":"publish","type":"page","link":"https:\/\/lesgonies.fr\/index.php\/les-gonies\/actualites\/","title":{"rendered":"Agenda \/ Presse"},"content":{"rendered":"\n<div style=\"height:100px\" aria-hidden=\"true\" class=\"wp-block-spacer\"><\/div>\n\n\n\n<p class=\"has-text-color\" style=\"color:#00265b\">Sept 2025: Forum des Associations 2025, salle de la Ficelle, 69004 <\/p>\n\n\n\n<p class=\"has-text-color\" style=\"color:#00265b\">Juillet 2025: Festi&rsquo;m\u00f4mes <\/p>\n\n\n\n<p class=\"has-text-color\" style=\"color:#00265b\">Sept 2024: Forum des Associations 2024, salle de la Ficelle, 69004 <\/p>\n\n\n\n<p class=\"has-text-color\" style=\"color:#00265b\">Juillet 2024: <a rel=\"noreferrer noopener\" href=\"https:\/\/mairie4.lyon.fr\/actualite\/jeune-public\/festimomes-edition-2023\" target=\"_blank\">Festi&rsquo;m\u00f4mes<\/a> <\/p>\n\n\n\n<p class=\"has-text-color\" style=\"color:#00265b\">Mai 2024: M\u00f4mes en F\u00eate 1\u00e8re \u00e9dition &#8211; 2024<\/p>\n\n\n\n<p class=\"has-text-color\" style=\"color:#00265b\">Sept 2023: <a rel=\"noreferrer noopener\" href=\"https:\/\/www.cdf-croixrousse.fr\/\" target=\"_blank\">Forum des Associations 2023<\/a>,  salle de la Ficelle, 69004<\/p>\n\n\n\n<p class=\"has-text-color\" style=\"color:#00265b\">Juillet 2023: <a rel=\"noreferrer noopener\" href=\"https:\/\/mairie4.lyon.fr\/actualite\/jeune-public\/festimomes-edition-2023\" target=\"_blank\">Festi&rsquo;m\u00f4mes<\/a><\/p>\n\n\n\n<p class=\"has-text-color\" style=\"color:#00265b\">Juin 2023: Animations d&rsquo;ateliers \u00e0 la <a href=\"https:\/\/www.bm-lyon.fr\/16-bibliotheques-et-un-bibliobus\/bibliotheque-du-4e-croix-rousse\/\" target=\"_blank\" rel=\"noreferrer noopener\">BML de LYON <\/a>4<\/p>\n\n\n\n<p class=\"has-text-color\" style=\"color:#00265b\">Mai-Juin 2023: Installation d&rsquo;une grainoth\u00e8que Les Gonies en partenariat avec la bouturoth\u00e8que de la biblioth\u00e8que de Lyon 4<\/p>\n\n\n\n<p class=\"has-text-color\" style=\"color:#00265b\">Sept. 2022: <a href=\"https:\/\/www.lyon.fr\/actualite\/loisirs\/forum-des-associations-2022\" target=\"_blank\" rel=\"noreferrer noopener\">Forum des associations<\/a>, salle de la Ficelle, 69004<\/p>\n\n\n\n<p class=\"has-text-color\" style=\"color:#00265b\">Sept. 2021: Forum des associations, salle de la Ficelle, 69004<\/p>\n\n\n\n<p class=\"has-text-color\" style=\"color:#00265b\">Sept. 2020: Forum des associations, salle de la Ficelle, 69004<\/p>\n\n\n\n<p class=\"has-text-color\" style=\"color:#00265b\"> Sept. 2019: Parution <a href=\"https:\/\/grainsdesel.com\/\" target=\"_blank\" rel=\"noreferrer noopener\" aria-label=\"Grains de Sel (s\u2019ouvre dans un nouvel onglet)\">Grains de Sel<\/a> n\u00b0144<\/p>\n\n\n\n<p class=\"has-text-color\" style=\"color:#00265b\">Samedi 7 septembre 2019: Forum des Associations, salle de la Ficelle, 69004<\/p>\n\n\n\n<p class=\"has-text-color\" style=\"color:#00265b\"> 2 sept.2019: Parution <a rel=\"noreferrer noopener\" aria-label=\"Article La Croix-Roussienne (s\u2019ouvre dans un nouvel onglet)\" href=\"https:\/\/lacroixroussienne.com\/2019\/09\/02\/devenir-un-vrai-gone\/?fbclid=IwAR3viUyn1fnr3y_yxJKKEF829_1Uv_1LP6k8ukw_k6p3dBvkY_Xbvkce4fY\" target=\"_blank\">Article La Croix-Roussienne<\/a> de la Tribune de Lyon<\/p>\n\n\n\n<p class=\"has-text-color\" style=\"color:#00265b\">6 juillet 2019: <a rel=\"noreferrer noopener\" aria-label=\"Festi'm\u00f4mes (s\u2019ouvre dans un nouvel onglet)\" href=\"https:\/\/www.facebook.com\/events\/2554047754629385\/\" target=\"_blank\">Festi&rsquo;m\u00f4mes<\/a> _ <a href=\"https:\/\/www.leprogres.fr\/rhone-69-edition-lyon-metropole\/2019\/07\/06\/festi-mome-un-rendez-vous-recreatif-et-creatif-pour-tous-les-enfants-de-3-mois-a-9-ans\" target=\"_blank\" rel=\"noreferrer noopener\" aria-label=\"article Le Progr\u00e8s (s\u2019ouvre dans un nouvel onglet)\">article Le Progr\u00e8s<\/a><\/p>\n\n\n\n<p class=\"has-text-color\" style=\"color:#00265b\">25 juin 2019: <a rel=\"noreferrer noopener\" aria-label=\"Kermesse de l'\u00e9cole Joseph Cornier (s\u2019ouvre dans un nouvel onglet)\" href=\"https:\/\/www.facebook.com\/events\/451872742276215\/\" target=\"_blank\">Kermesse de l&rsquo;\u00e9cole Joseph Cornier<\/a><\/p>\n","protected":false},"excerpt":{"rendered":"<p>Sept 2025: Forum des Associations 2025, salle de la Ficelle, 69004 Juillet 2025: Festi&rsquo;m\u00f4mes Sept 2024: Forum des Associations 2024, salle de la Ficelle, 69004 Juillet 2024: Festi&rsquo;m\u00f4mes Mai 2024: M\u00f4mes en F\u00eate 1\u00e8re \u00e9dition &#8211; 2024 Sept 2023: Forum des Associations 2023, salle de la Ficelle, 69004 Juillet 2023: Festi&rsquo;m\u00f4mes Juin 2023: Animations d&rsquo;ateliers [&hellip;]<\/p>\n","protected":false},"author":1,"featured_media":0,"parent":51,"menu_order":0,"comment_status":"closed","ping_status":"closed","template":"","meta":[],"_links":{"self":[{"href":"https:\/\/lesgonies.fr\/index.php\/wp-json\/wp\/v2\/pages\/369"}],"collection":[{"href":"https:\/\/lesgonies.fr\/index.php\/wp-json\/wp\/v2\/pages"}],"about":[{"href":"https:\/\/lesgonies.fr\/index.php\/wp-json\/wp\/v2\/types\/page"}],"author":[{"embeddable":true,"href":"https:\/\/lesgonies.fr\/index.php\/wp-json\/wp\/v2\/users\/1"}],"replies":[{"embeddable":true,"href":"https:\/\/lesgonies.fr\/index.php\/wp-json\/wp\/v2\/comments?post=369"}],"version-history":[{"count":52,"href":"https:\/\/lesgonies.fr\/index.php\/wp-json\/wp\/v2\/pages\/369\/revisions"}],"predecessor-version":[{"id":3148,"href":"https:\/\/lesgonies.fr\/index.php\/wp-json\/wp\/v2\/pages\/369\/revisions\/3148"}],"up":[{"embeddable":true,"href":"https:\/\/lesgonies.fr\/index.php\/wp-json\/wp\/v2\/pages\/51"}],"wp:attachment":[{"href":"https:\/\/lesgonies.fr\/index.php\/wp-json\/wp\/v2\/media?parent=369"}],"curies":[{"name":"wp","href":"https:\/\/api.w.org\/{rel}","templated":true}]}}