{"id":51,"date":"2019-05-31T17:37:32","date_gmt":"2019-05-31T15:37:32","guid":{"rendered":"http:\/\/lesgonies.fr\/?page_id=51"},"modified":"2026-04-21T11:43:45","modified_gmt":"2026-04-21T09:43:45","slug":"les-gonies","status":"publish","type":"page","link":"https:\/\/lesgonies.fr\/","title":{"rendered":"Les Gonies"},"content":{"rendered":"\n<div style=\"height:20px\" aria-hidden=\"true\" class=\"wp-block-spacer\"><\/div>\n\n\n\n<p class=\"has-text-align-left has-text-color\" style=\"color:#00265b\"><strong>gone<\/strong> : [go:n] <em>(Lyonnais)<\/em>&nbsp;Enfant,&nbsp;gosse.<\/p>\n\n\n\n<p class=\"has-text-align-left has-text-color\" style=\"color:#00265b\"><strong>gonies<\/strong>: [go:niz] gones pr\u00eats pour toutes les aventures (r\u00e9)cr\u00e9atives!<\/p>\n\n\n\n<p><\/p>\n\n\n\n<p class=\"has-text-align-center has-text-color\" style=\"color:#00265b\"><strong>Les Gonies, ce sont des ateliers d&rsquo;arts plastiques pour enfants de 5 \u00e0 10 ans sur des horaires p\u00e9riscolaires et extra-scolaires et diff\u00e9rents stages vacances.<\/strong><br><br><\/p>\n\n\n\n<div class=\"wp-block-image\"><figure class=\"aligncenter size-full\"><img loading=\"lazy\" width=\"500\" height=\"208\" src=\"http:\/\/lesgonies.fr\/wp-content\/uploads\/2023\/03\/tumblr_oqz3arEA6w1r59rp1o1_500.gif\" alt=\"Bonne ann\u00e9e 2024\" class=\"wp-image-2201\"\/><\/figure><\/div>\n\n\n\n<hr class=\"wp-block-separator is-style-dots\"\/>\n\n\n\n<p class=\"has-text-align-center has-white-color has-vivid-purple-background-color has-text-color has-background has-large-font-size\">2026\/2027: INSCRIPTIONS OUVERTES contact par mail lesgoniescroixrousse@gmail.com<\/p>\n\n\n\n<p><\/p>\n\n\n\n<div style=\"height:100px\" aria-hidden=\"true\" class=\"wp-block-spacer\"><\/div>\n\n\n\n<div class=\"wp-block-group\"><div class=\"wp-block-group__inner-container\">\n<div class=\"wp-block-columns\">\n<div class=\"wp-block-column\">\n<div class=\"wp-block-group\"><div class=\"wp-block-group__inner-container\">\n<div class=\"wp-block-media-text alignwide is-stacked-on-mobile\" style=\"grid-template-columns:48% auto\"><figure class=\"wp-block-media-text__media\"><a href=\"http:\/\/lesgonies.fr\/wp-content\/uploads\/2025\/09\/colorama-1-scaled.jpg\" target=\"_blank\" rel=\"noopener\"><img loading=\"lazy\" width=\"724\" height=\"1024\" src=\"http:\/\/lesgonies.fr\/wp-content\/uploads\/2025\/09\/colorama-1-724x1024.jpg\" alt=\"\" class=\"wp-image-3175 size-full\" srcset=\"https:\/\/lesgonies.fr\/wp-content\/uploads\/2025\/09\/colorama-1-724x1024.jpg 724w, https:\/\/lesgonies.fr\/wp-content\/uploads\/2025\/09\/colorama-1-212x300.jpg 212w, https:\/\/lesgonies.fr\/wp-content\/uploads\/2025\/09\/colorama-1-768x1086.jpg 768w, https:\/\/lesgonies.fr\/wp-content\/uploads\/2025\/09\/colorama-1-1086x1536.jpg 1086w, https:\/\/lesgonies.fr\/wp-content\/uploads\/2025\/09\/colorama-1-1448x2048.jpg 1448w, https:\/\/lesgonies.fr\/wp-content\/uploads\/2025\/09\/colorama-1-scaled.jpg 1810w\" sizes=\"(max-width: 724px) 100vw, 724px\" \/><\/a><\/figure><div class=\"wp-block-media-text__content\">\n<p class=\"has-text-align-center has-vivid-red-color has-text-color has-large-font-size\"><strong><a rel=\"noreferrer noopener\" href=\"https:\/\/lesgonies.fr\/index.php\/vacances\/\" target=\"_blank\">STAGE ETE <\/a><\/strong><\/p>\n\n\n\n<p class=\"has-text-align-center\"><a href=\"https:\/\/lesgonies.fr\/index.php\/contact\/\" target=\"_blank\" rel=\"noreferrer noopener\">Inscription par mail uniquement<\/a><\/p>\n<\/div><\/div>\n<\/div><\/div>\n\n\n\n<p><\/p>\n\n\n\n<p class=\"has-text-color\" style=\"color:#335af5\"><\/p>\n<\/div>\n<\/div>\n<\/div><\/div>\n\n\n\n<p><\/p>\n\n\n\n<div class=\"wp-block-columns\">\n<div class=\"wp-block-column\" style=\"flex-basis:50%\">\n<figure class=\"wp-block-video aligncenter\"><video autoplay controls loop src=\"https:\/\/lesgonies.fr\/wp-content\/uploads\/2025\/09\/Ateliers-du-soir-2025-26-3.mp4\" playsinline><\/video><\/figure>\n<\/div>\n\n\n\n<div class=\"wp-block-column is-vertically-aligned-center\" style=\"flex-basis:50%\">\n<p class=\"has-text-align-center has-white-color has-pale-pink-background-color has-text-color has-background has-medium-font-size\"><strong><strong><strong>  <\/strong> <\/strong><\/strong>      <strong><strong><strong>Dispos <strong><strong><a rel=\"noreferrer noopener\" href=\"https:\/\/lesgonies.fr\/index.php\/les-ateliers-du-soir\/\" target=\"_blank\">LES ATELIERS DU SOIR<\/a><\/strong><\/strong> : lundi ou mardi ou jeudi<\/strong><\/strong><\/strong> <\/p>\n\n\n\n<p class=\"has-text-align-center has-white-color has-text-color has-background has-medium-font-size\" style=\"background-color:#33a5ec\"><strong><strong><strong><a rel=\"noreferrer noopener\" href=\"https:\/\/lesgonies.fr\/index.php\/les-mercredis\/\" target=\"_blank\">LES MERCREDIS<\/a> <\/strong><\/strong><\/strong>                                                      <\/p>\n\n\n\n<p class=\"has-text-align-center has-white-color has-luminous-vivid-amber-background-color has-text-color has-background has-medium-font-size\"><strong><a rel=\"noreferrer noopener\" href=\"https:\/\/lesgonies.fr\/index.php\/vacances\/\" target=\"_blank\">4 STAGES VACANCES PAR ANNEE SCOLAIRE <\/a><\/strong> <\/p>\n<\/div>\n<\/div>\n\n\n\n<div class=\"wp-block-columns\">\n<div class=\"wp-block-column\" style=\"flex-basis:100%\">\n<div class=\"wp-block-columns\">\n<div class=\"wp-block-column\" style=\"flex-basis:33.34%\">\n<div class=\"wp-block-group\"><div class=\"wp-block-group__inner-container\">\n<div style=\"height:100px\" aria-hidden=\"true\" class=\"wp-block-spacer\"><\/div>\n\n\n\n<div class=\"wp-block-columns\">\n<div class=\"wp-block-column\" style=\"flex-basis:33.34%\">\n<figure class=\"wp-block-image size-large\"><a href=\"https:\/\/www.instagram.com\/lesgonies\/\" target=\"_blank\" rel=\"noopener\"><img loading=\"lazy\" width=\"46\" height=\"46\" src=\"http:\/\/lesgonies.fr\/wp-content\/uploads\/2019\/07\/ig-site.png\" alt=\"\" class=\"wp-image-351\"\/><\/a><\/figure>\n<\/div>\n\n\n\n<div class=\"wp-block-column\" style=\"flex-basis:33.33%\">\n<figure class=\"wp-block-image size-large is-resized\"><a href=\"https:\/\/www.youtube.com\/channel\/UCMWXMsdeGTGRrl--RoGPZlA\" target=\"_blank\" rel=\"noopener\"><img loading=\"lazy\" src=\"http:\/\/lesgonies.fr\/wp-content\/uploads\/2020\/06\/icon-youtube-site.png\" alt=\"\" class=\"wp-image-619\" width=\"51\" height=\"51\"\/><\/a><\/figure>\n<\/div>\n\n\n\n<div class=\"wp-block-column\" style=\"flex-basis:33.33%\">\n<figure class=\"wp-block-image size-full is-resized\"><a href=\"https:\/\/lesgonies.fr\/index.php\/contact\/\"><img loading=\"lazy\" src=\"http:\/\/lesgonies.fr\/wp-content\/uploads\/2024\/05\/whatsapp-icon-free-png-1.webp\" alt=\"\" class=\"wp-image-2551\" width=\"51\" height=\"51\" srcset=\"https:\/\/lesgonies.fr\/wp-content\/uploads\/2024\/05\/whatsapp-icon-free-png-1.webp 980w, https:\/\/lesgonies.fr\/wp-content\/uploads\/2024\/05\/whatsapp-icon-free-png-1-300x300.webp 300w, https:\/\/lesgonies.fr\/wp-content\/uploads\/2024\/05\/whatsapp-icon-free-png-1-150x150.webp 150w, https:\/\/lesgonies.fr\/wp-content\/uploads\/2024\/05\/whatsapp-icon-free-png-1-768x768.webp 768w\" sizes=\"(max-width: 51px) 100vw, 51px\" \/><\/a><\/figure>\n<\/div>\n<\/div>\n<\/div><\/div>\n<\/div>\n<\/div>\n<\/div>\n<\/div>\n\n\n\n<p><\/p>\n","protected":false},"excerpt":{"rendered":"<p>gone : [go:n] (Lyonnais)&nbsp;Enfant,&nbsp;gosse. gonies: [go:niz] gones pr\u00eats pour toutes les aventures (r\u00e9)cr\u00e9atives! Les Gonies, ce sont des ateliers d&rsquo;arts plastiques pour enfants de 5 \u00e0 10 ans sur des horaires p\u00e9riscolaires et extra-scolaires et diff\u00e9rents stages vacances. 2026\/2027: INSCRIPTIONS OUVERTES contact par mail lesgoniescroixrousse@gmail.com STAGE ETE Inscription par mail uniquement Dispos LES ATELIERS DU [&hellip;]<\/p>\n","protected":false},"author":1,"featured_media":94,"parent":0,"menu_order":0,"comment_status":"closed","ping_status":"closed","template":"","meta":[],"_links":{"self":[{"href":"https:\/\/lesgonies.fr\/index.php\/wp-json\/wp\/v2\/pages\/51"}],"collection":[{"href":"https:\/\/lesgonies.fr\/index.php\/wp-json\/wp\/v2\/pages"}],"about":[{"href":"https:\/\/lesgonies.fr\/index.php\/wp-json\/wp\/v2\/types\/page"}],"author":[{"embeddable":true,"href":"https:\/\/lesgonies.fr\/index.php\/wp-json\/wp\/v2\/users\/1"}],"replies":[{"embeddable":true,"href":"https:\/\/lesgonies.fr\/index.php\/wp-json\/wp\/v2\/comments?post=51"}],"version-history":[{"count":624,"href":"https:\/\/lesgonies.fr\/index.php\/wp-json\/wp\/v2\/pages\/51\/revisions"}],"predecessor-version":[{"id":3244,"href":"https:\/\/lesgonies.fr\/index.php\/wp-json\/wp\/v2\/pages\/51\/revisions\/3244"}],"wp:featuredmedia":[{"embeddable":true,"href":"https:\/\/lesgonies.fr\/index.php\/wp-json\/wp\/v2\/media\/94"}],"wp:attachment":[{"href":"https:\/\/lesgonies.fr\/index.php\/wp-json\/wp\/v2\/media?parent=51"}],"curies":[{"name":"wp","href":"https:\/\/api.w.org\/{rel}","templated":true}]}}