{"id":57,"date":"2019-05-31T17:39:19","date_gmt":"2019-05-31T15:39:19","guid":{"rendered":"http:\/\/lesgonies.fr\/?page_id=57"},"modified":"2025-08-29T09:27:40","modified_gmt":"2025-08-29T07:27:40","slug":"tarifs","status":"publish","type":"page","link":"https:\/\/lesgonies.fr\/index.php\/tarifs\/","title":{"rendered":"Tarifs"},"content":{"rendered":"\n<p class=\"has-text-color has-medium-font-size\" style=\"color:#00265b\">Nous vous rappelons que nos inscriptions sont annuelles et nos tarifs sont \u00e9tablis selon les <strong>quotients familiaux Caf<\/strong>. <\/p>\n\n\n\n<p class=\"has-text-color\" style=\"color:#00265b\"><a href=\"https:\/\/lesgonies.fr\/index.php\/contact\/\" target=\"_blank\" rel=\"noreferrer noopener\"><strong>Merci de nous contacter pour connaitre plus pr\u00e9cis\u00e9ment votre coefficient de r\u00e9f\u00e9rence<\/strong>.<\/a><\/p>\n\n\n\n<p class=\"has-text-align-left has-luminous-vivid-orange-color has-text-color has-normal-font-size\"><strong> La cotisation \u00e0 l\u2019association est de 3\u20ac. Elle est annuelle et \u00e0 renouveler \u00e0 chaque r\u00e9inscription. <\/strong><\/p>\n\n\n\n<div style=\"height:100px\" aria-hidden=\"true\" class=\"wp-block-spacer\"><\/div>\n\n\n\n<p class=\"has-text-align-center has-text-color\" style=\"color:#00265b\"><strong><strong>TARIFS ATELIER DU SOIR<\/strong><\/strong><\/p>\n\n\n\n<figure class=\"wp-block-table aligncenter is-style-stripes\"><table><tbody><tr><td><strong> Coef de r\u00e9f.<\/strong><\/td><td> Tarif trimestriel <strong> <\/strong><\/td><td><strong> Tarif annuel <\/strong><\/td><td>  <\/td><\/tr><tr><td><strong> 1 <\/strong><\/td><td>60 \u20ac <\/td><td><strong>180 \u20ac <\/strong><\/td><td><\/td><\/tr><tr><td><strong> 2 <\/strong><\/td><td>62 \u20ac <\/td><td><strong>186 \u20ac <\/strong><\/td><td><\/td><\/tr><tr><td><strong> 3<\/strong> <\/td><td>65 \u20ac <\/td><td><strong>195 \u20ac <\/strong><\/td><td><\/td><\/tr><tr><td><strong> 4 <\/strong><\/td><td>69 \u20ac <\/td><td><strong>207 \u20ac <\/strong><\/td><td><\/td><\/tr><tr><td><strong> 5 <\/strong><\/td><td>74 \u20ac <\/td><td><strong>222 \u20ac <\/strong><\/td><td><\/td><\/tr><\/tbody><\/table><\/figure>\n\n\n\n<p class=\"has-text-align-center has-luminous-vivid-orange-color has-text-color has-normal-font-size\"><strong><a rel=\"noreferrer noopener\" aria-label=\"Rappel: le r\u00e8glement du tarif annuel se fait en une fois pendant l'inscription ou en trois fois maximum selon les trois mois suivants la date d'inscription. (s\u2019ouvre dans un nouvel onglet)\" href=\"http:\/\/lesgonies.fr\/index.php\/reglement-interieur\/\" target=\"_blank\">le r\u00e8glement du tarif annuel se fait en une fois lors de l&rsquo;inscription ou en trois fois suivant les trimestres pr\u00e9d\u00e9finis.<\/a><\/strong><\/p>\n\n\n\n<hr class=\"wp-block-separator has-text-color has-background has-vivid-cyan-blue-background-color has-vivid-cyan-blue-color is-style-dots\"\/>\n\n\n\n<div style=\"height:100px\" aria-hidden=\"true\" class=\"wp-block-spacer\"><\/div>\n\n\n\n<p class=\"has-text-align-center\"><strong>TARIFS MERCREDIS <\/strong><\/p>\n\n\n\n<figure class=\"wp-block-table aligncenter is-style-stripes\"><table><tbody><tr><td><strong> Coef de r\u00e9f. <\/strong><\/td><td> Tarif trimestriel<\/td><td><strong> Tarif annuel <\/strong><\/td><td> <\/td><\/tr><tr><td><strong> 1 <\/strong><\/td><td> 180 \u20ac <\/td><td><strong> 540 \u20ac <\/strong><\/td><td> <\/td><\/tr><tr><td><strong> 2 <\/strong><\/td><td> 189 \u20ac <\/td><td><strong> 567 \u20ac <\/strong><\/td><td> <\/td><\/tr><tr><td><strong> 3<\/strong> <\/td><td> 200 \u20ac <\/td><td><strong> 600 \u20ac <\/strong><\/td><td> <\/td><\/tr><tr><td><strong> 4 <\/strong><\/td><td> 211 \u20ac <\/td><td><strong> 633 \u20ac <\/strong><\/td><td> <\/td><\/tr><tr><td><strong> 5<\/strong> <\/td><td> 222 \u20ac <\/td><td><strong> 666 \u20ac <\/strong><\/td><td><\/td><\/tr><\/tbody><\/table><\/figure>\n\n\n\n<p class=\"has-text-align-center has-luminous-vivid-orange-color has-text-color has-normal-font-size\"><strong><a rel=\"noreferrer noopener\" aria-label=\"Rappel: le r\u00e8glement du tarif annuel se fait en une fois pendant l'inscription ou en trois fois maximum selon les trois mois suivants la date d'inscription. (s\u2019ouvre dans un nouvel onglet)\" href=\"http:\/\/lesgonies.fr\/index.php\/reglement-interieur\/\" target=\"_blank\">le r\u00e8glement du tarif annuel se fait en une fois lors de l&rsquo;inscription ou en trois fois suivant les trimestres pr\u00e9d\u00e9finis.<\/a><\/strong><\/p>\n\n\n\n<hr class=\"wp-block-separator has-text-color has-background has-vivid-cyan-blue-background-color has-vivid-cyan-blue-color is-style-dots\"\/>\n\n\n\n<div style=\"height:100px\" aria-hidden=\"true\" class=\"wp-block-spacer\"><\/div>\n\n\n\n<p class=\"has-text-align-center has-text-color\" style=\"color:#00265b\"> <strong>TARIFS STAGES VACANCES <\/strong><\/p>\n\n\n\n<p class=\"has-text-color\" style=\"color:#00265b\">&#8211; <strong>Le stage vacances demi-journ\u00e9es correspond \u00e0 5 jours ouvr\u00e9s, du lundi au vendredi de 12h \u00e0 17h<\/strong>.<\/p>\n\n\n\n<p class=\"has-text-color\" style=\"color:#00265b\">&#8211; <strong>Le stage vacances journ\u00e9es correspond \u00e0 5 jours ouvr\u00e9s entiers de 9h \u00e0 17H<\/strong> (temps de restauration inclus).<\/p>\n\n\n\n<p class=\"has-vivid-cyan-blue-color has-text-color has-small-font-size\"><span style=\"color:#00265b\" class=\"has-inline-color\">Attention: les tarifs indiqu\u00e9s \u00e0 la semaine restent identiques selon le calendrier (jour f\u00e9ri\u00e9 possible).<\/span><\/p>\n\n\n\n<figure class=\"wp-block-table aligncenter is-style-stripes\"><table><tbody><tr><td><strong> Coef  de r\u00e9f.<\/strong><\/td><td><strong> Stage  Apr\u00e8s-midis<\/strong><\/td><td><strong> Stage  Journ\u00e9es <\/strong><\/td><\/tr><tr><td><strong> 1<\/strong> <\/td><td><strong> 90 \u20ac <\/strong><\/td><td><strong> 110 \u20ac <\/strong><\/td><\/tr><tr><td><strong> 2 <\/strong><\/td><td><strong> 100 \u20ac <\/strong><\/td><td><strong> 126 \u20ac <\/strong><\/td><\/tr><tr><td><strong> 3 <\/strong><\/td><td> <strong>110 \u20ac <\/strong><\/td><td><strong> 149 \u20ac <\/strong><\/td><\/tr><tr><td> <strong>4 <\/strong><\/td><td> <strong>120 \u20ac <\/strong><\/td><td><strong> 157 \u20ac <\/strong><\/td><\/tr><tr><td> <strong>5 <\/strong><\/td><td><strong> 130 \u20ac <\/strong><\/td><td> <strong>179 \u20ac <\/strong><\/td><\/tr><\/tbody><\/table><\/figure>\n\n\n\n<p class=\"has-text-align-center has-luminous-vivid-orange-color has-text-color has-normal-font-size\"><strong><a rel=\"noreferrer noopener\" aria-label=\"Rappel: le r\u00e8glement du tarif annuel se fait en une fois pendant l'inscription ou en trois fois maximum selon les trois mois suivants la date d'inscription. (s\u2019ouvre dans un nouvel onglet)\" href=\"http:\/\/lesgonies.fr\/index.php\/reglement-interieur\/\" target=\"_blank\">le r\u00e8glement du tarif doit \u00eatre finalis\u00e9 avant le premier jour de stage.<\/a><\/strong><\/p>\n\n\n\n<div style=\"height:100px\" aria-hidden=\"true\" class=\"wp-block-spacer\"><\/div>\n","protected":false},"excerpt":{"rendered":"<p>Nous vous rappelons que nos inscriptions sont annuelles et nos tarifs sont \u00e9tablis selon les quotients familiaux Caf. Merci de nous contacter pour connaitre plus pr\u00e9cis\u00e9ment votre coefficient de r\u00e9f\u00e9rence. La cotisation \u00e0 l\u2019association est de 3\u20ac. Elle est annuelle et \u00e0 renouveler \u00e0 chaque r\u00e9inscription. TARIFS ATELIER DU SOIR Coef de r\u00e9f. Tarif trimestriel [&hellip;]<\/p>\n","protected":false},"author":1,"featured_media":0,"parent":0,"menu_order":0,"comment_status":"closed","ping_status":"closed","template":"","meta":[],"_links":{"self":[{"href":"https:\/\/lesgonies.fr\/index.php\/wp-json\/wp\/v2\/pages\/57"}],"collection":[{"href":"https:\/\/lesgonies.fr\/index.php\/wp-json\/wp\/v2\/pages"}],"about":[{"href":"https:\/\/lesgonies.fr\/index.php\/wp-json\/wp\/v2\/types\/page"}],"author":[{"embeddable":true,"href":"https:\/\/lesgonies.fr\/index.php\/wp-json\/wp\/v2\/users\/1"}],"replies":[{"embeddable":true,"href":"https:\/\/lesgonies.fr\/index.php\/wp-json\/wp\/v2\/comments?post=57"}],"version-history":[{"count":74,"href":"https:\/\/lesgonies.fr\/index.php\/wp-json\/wp\/v2\/pages\/57\/revisions"}],"predecessor-version":[{"id":3086,"href":"https:\/\/lesgonies.fr\/index.php\/wp-json\/wp\/v2\/pages\/57\/revisions\/3086"}],"wp:attachment":[{"href":"https:\/\/lesgonies.fr\/index.php\/wp-json\/wp\/v2\/media?parent=57"}],"curies":[{"name":"wp","href":"https:\/\/api.w.org\/{rel}","templated":true}]}}