{"id":73,"date":"2019-05-31T17:49:41","date_gmt":"2019-05-31T15:49:41","guid":{"rendered":"http:\/\/lesgonies.fr\/?page_id=73"},"modified":"2025-06-11T23:35:49","modified_gmt":"2025-06-11T21:35:49","slug":"lasso","status":"publish","type":"page","link":"https:\/\/lesgonies.fr\/index.php\/lasso\/","title":{"rendered":"L&rsquo;asso"},"content":{"rendered":"\n<p class=\"has-text-color\" style=\"color:#00265b\">Les Gonies est une structure nomade pour des ateliers d&rsquo;arts plastiques pour enfants sur des horaires p\u00e9riscolaires et extrascolaires.<\/p>\n\n\n\n<p class=\"has-text-color\" style=\"color:#00265b\">Notre association est une r\u00e9ponse sur la place des pratiques locales (tissage, broderies etc..)  revues et introduites de diverses fa\u00e7ons pour les plus jeunes.<\/p>\n\n\n\n<p class=\"has-text-color\" style=\"color:#00265b\">C&rsquo;est ainsi qu&rsquo;est n\u00e9 Les Gonies en 2019: fruit d&rsquo;une envie forte de transmettre l&rsquo;h\u00e9ritage des Canuts \u00e0 travers des ateliers ludiques et r\u00e9cr\u00e9atifs pour les gones d&rsquo;ici et d&rsquo;ailleurs. C&rsquo;est en faisant r\u00e9sonner pratiques culturelles d&rsquo;antan (mais pas que!) et r\u00e9alisations plastiques contemporaines que notre identit\u00e9 s&rsquo;affirme (punch needle, DIY, tricotin et autres bricolages).<\/p>\n\n\n\n<p class=\"has-text-color\" style=\"color:#00265b\">Fort de cette cinqui\u00e8me ann\u00e9e, nous prolongeons l&rsquo;aventure des gonies, faite de moments riches d&rsquo;histoires, simples de curiosit\u00e9 et d&rsquo;\u00e9panouissement collectif!<\/p>\n","protected":false},"excerpt":{"rendered":"<p>Les Gonies est une structure nomade pour des ateliers d&rsquo;arts plastiques pour enfants sur des horaires p\u00e9riscolaires et extrascolaires. Notre association est une r\u00e9ponse sur la place des pratiques locales (tissage, broderies etc..) revues et introduites de diverses fa\u00e7ons pour les plus jeunes. C&rsquo;est ainsi qu&rsquo;est n\u00e9 Les Gonies en 2019: fruit d&rsquo;une envie forte [&hellip;]<\/p>\n","protected":false},"author":1,"featured_media":0,"parent":0,"menu_order":0,"comment_status":"closed","ping_status":"closed","template":"","meta":[],"_links":{"self":[{"href":"https:\/\/lesgonies.fr\/index.php\/wp-json\/wp\/v2\/pages\/73"}],"collection":[{"href":"https:\/\/lesgonies.fr\/index.php\/wp-json\/wp\/v2\/pages"}],"about":[{"href":"https:\/\/lesgonies.fr\/index.php\/wp-json\/wp\/v2\/types\/page"}],"author":[{"embeddable":true,"href":"https:\/\/lesgonies.fr\/index.php\/wp-json\/wp\/v2\/users\/1"}],"replies":[{"embeddable":true,"href":"https:\/\/lesgonies.fr\/index.php\/wp-json\/wp\/v2\/comments?post=73"}],"version-history":[{"count":22,"href":"https:\/\/lesgonies.fr\/index.php\/wp-json\/wp\/v2\/pages\/73\/revisions"}],"predecessor-version":[{"id":3003,"href":"https:\/\/lesgonies.fr\/index.php\/wp-json\/wp\/v2\/pages\/73\/revisions\/3003"}],"wp:attachment":[{"href":"https:\/\/lesgonies.fr\/index.php\/wp-json\/wp\/v2\/media?parent=73"}],"curies":[{"name":"wp","href":"https:\/\/api.w.org\/{rel}","templated":true}]}}