{"id":77,"date":"2019-05-31T17:51:45","date_gmt":"2019-05-31T15:51:45","guid":{"rendered":"http:\/\/lesgonies.fr\/?page_id=77"},"modified":"2026-04-21T15:44:01","modified_gmt":"2026-04-21T13:44:01","slug":"les-mercredis","status":"publish","type":"page","link":"https:\/\/lesgonies.fr\/index.php\/les-mercredis\/","title":{"rendered":"Les Mercredis"},"content":{"rendered":"\n<p class=\"has-text-align-center has-white-color has-vivid-purple-background-color has-text-color has-background has-large-font-size\">2026\/2027: INSCRIPTIONS OUVERTES contact par mail lesgoniescroixrousse@gmail.com<\/p>\n\n\n\n<p class=\"has-text-align-center has-white-color has-vivid-cyan-blue-background-color has-text-color has-background\">Les ateliers du mercredi se d\u00e9roulent de<strong> 12h \u00e0 17h<\/strong> \u00e0 la Maison Des Associations <em>(voir <\/em><a rel=\"noreferrer noopener\" aria-label=\"plan (s\u2019ouvre dans un nouvel onglet)\" href=\"http:\/\/lesgonies.fr\/index.php\/ou\/\" target=\"_blank\"><em>plan<\/em><\/a>) et s&rsquo;adressent aux enfants d&rsquo;\u00e9l\u00e9mentaire et maternelle grande section minimum pour un groupe de 25 enfants. <\/p>\n\n\n\n<p class=\"has-text-align-center has-vivid-cyan-blue-color has-white-background-color has-text-color has-background\"><strong>Les inscriptions sont annuelles.<\/strong><\/p>\n\n\n\n<p class=\"has-text-align-left has-vivid-cyan-blue-color has-text-color\"><br>Les enfants qui sont dans les locaux de l&rsquo;\u00e9cole Joseph Cornier le mercredi matin seront directement r\u00e9cup\u00e9r\u00e9s par Coralie et Virginie pour se diriger en p\u00e9dibus \u00e0 la MDA. <\/p>\n\n\n\n<p class=\"has-text-align-left has-vivid-cyan-blue-color has-text-color\">Les autres enfants sont accueillis sur place entre 12h et 12h30 pour le temps du repas avec les animatrices (pique-nique \u00e0 la charge des parents, possibilit\u00e9 de r\u00e9chauffer les plats) et entre 13h00 et 14h pour l&rsquo;accueil post-repas.<\/p>\n\n\n\n<p class=\"has-text-align-left has-vivid-cyan-blue-color has-text-color\"><br><strong>Apr\u00e8s l&rsquo;atelier, les enfants ont un temps de go\u00fbter fourni par les Gonies.<\/strong><\/p>\n\n\n\n<p class=\"has-vivid-red-color has-text-color\"><br><strong>Les parents et personnes autoris\u00e9es pourront r\u00e9cup\u00e9rer les enfants \u00e0 17h.<\/strong><\/p>\n\n\n\n<hr class=\"wp-block-separator aligncenter has-text-color has-background has-vivid-cyan-blue-background-color has-vivid-cyan-blue-color is-style-dots\"\/>\n\n\n\n<p class=\"has-vivid-cyan-blue-color has-text-color\"><br> Les ateliers du mercredi sont articul\u00e9s autour de l&rsquo;histoire culturelle du quartier de la Croix Rousse et de cr\u00e9ations plastiques avec diff\u00e9rents m\u00e9diums. <\/p>\n\n\n\n<div class=\"wp-block-columns\">\n<div class=\"wp-block-column\">\n<figure class=\"wp-block-image size-large is-resized\"><img loading=\"lazy\" src=\"https:\/\/lesgonies.fr\/wp-content\/uploads\/2025\/06\/MAISON-DES-CANUTS-1024x1024.jpg\" alt=\"\" class=\"wp-image-2968\" width=\"512\" height=\"512\" srcset=\"https:\/\/lesgonies.fr\/wp-content\/uploads\/2025\/06\/MAISON-DES-CANUTS-1024x1024.jpg 1024w, https:\/\/lesgonies.fr\/wp-content\/uploads\/2025\/06\/MAISON-DES-CANUTS-300x300.jpg 300w, https:\/\/lesgonies.fr\/wp-content\/uploads\/2025\/06\/MAISON-DES-CANUTS-150x150.jpg 150w, https:\/\/lesgonies.fr\/wp-content\/uploads\/2025\/06\/MAISON-DES-CANUTS-768x768.jpg 768w, https:\/\/lesgonies.fr\/wp-content\/uploads\/2025\/06\/MAISON-DES-CANUTS-1536x1536.jpg 1536w, https:\/\/lesgonies.fr\/wp-content\/uploads\/2025\/06\/MAISON-DES-CANUTS-2048x2048.jpg 2048w\" sizes=\"(max-width: 512px) 100vw, 512px\" \/><figcaption><span class=\"has-inline-color has-vivid-cyan-blue-color\">Visite <\/span><\/figcaption><\/figure>\n<\/div>\n\n\n\n<div class=\"wp-block-column\">\n<figure class=\"wp-block-image size-large is-resized\"><img loading=\"lazy\" src=\"https:\/\/lesgonies.fr\/wp-content\/uploads\/2025\/06\/PAPIER-DIY-1024x1024.jpg\" alt=\"\" class=\"wp-image-2967\" width=\"512\" height=\"512\" srcset=\"https:\/\/lesgonies.fr\/wp-content\/uploads\/2025\/06\/PAPIER-DIY-1024x1024.jpg 1024w, https:\/\/lesgonies.fr\/wp-content\/uploads\/2025\/06\/PAPIER-DIY-300x300.jpg 300w, https:\/\/lesgonies.fr\/wp-content\/uploads\/2025\/06\/PAPIER-DIY-150x150.jpg 150w, https:\/\/lesgonies.fr\/wp-content\/uploads\/2025\/06\/PAPIER-DIY-768x768.jpg 768w, https:\/\/lesgonies.fr\/wp-content\/uploads\/2025\/06\/PAPIER-DIY-1536x1536.jpg 1536w, https:\/\/lesgonies.fr\/wp-content\/uploads\/2025\/06\/PAPIER-DIY-2048x2048.jpg 2048w\" sizes=\"(max-width: 512px) 100vw, 512px\" \/><figcaption><span class=\"has-inline-color has-vivid-cyan-blue-color\">atelier<\/span><\/figcaption><\/figure>\n\n\n\n<p><\/p>\n<\/div>\n<\/div>\n\n\n\n<p class=\"has-vivid-cyan-blue-color has-text-color\"><br> Les Arts Plastiques sont associ\u00e9s \u00e0 cet h\u00e9ritage pour d\u00e9velopper un nouveau langage, des sensations inconnues, la satisfaction de cr\u00e9er en s&rsquo;amusant.<\/p>\n\n\n\n<p class=\"has-vivid-cyan-blue-color has-text-color\">Et les mercredis apr\u00e8s-midis des Gonies, c&rsquo;est aussi une sortie culturelle par p\u00e9riode scolaire.<\/p>\n\n\n\n<p><\/p>\n","protected":false},"excerpt":{"rendered":"<p>2026\/2027: INSCRIPTIONS OUVERTES contact par mail lesgoniescroixrousse@gmail.com Les ateliers du mercredi se d\u00e9roulent de 12h \u00e0 17h \u00e0 la Maison Des Associations (voir plan) et s&rsquo;adressent aux enfants d&rsquo;\u00e9l\u00e9mentaire et maternelle grande section minimum pour un groupe de 25 enfants. Les inscriptions sont annuelles. Les enfants qui sont dans les locaux de l&rsquo;\u00e9cole Joseph Cornier [&hellip;]<\/p>\n","protected":false},"author":1,"featured_media":0,"parent":0,"menu_order":0,"comment_status":"closed","ping_status":"closed","template":"","meta":[],"_links":{"self":[{"href":"https:\/\/lesgonies.fr\/index.php\/wp-json\/wp\/v2\/pages\/77"}],"collection":[{"href":"https:\/\/lesgonies.fr\/index.php\/wp-json\/wp\/v2\/pages"}],"about":[{"href":"https:\/\/lesgonies.fr\/index.php\/wp-json\/wp\/v2\/types\/page"}],"author":[{"embeddable":true,"href":"https:\/\/lesgonies.fr\/index.php\/wp-json\/wp\/v2\/users\/1"}],"replies":[{"embeddable":true,"href":"https:\/\/lesgonies.fr\/index.php\/wp-json\/wp\/v2\/comments?post=77"}],"version-history":[{"count":168,"href":"https:\/\/lesgonies.fr\/index.php\/wp-json\/wp\/v2\/pages\/77\/revisions"}],"predecessor-version":[{"id":3249,"href":"https:\/\/lesgonies.fr\/index.php\/wp-json\/wp\/v2\/pages\/77\/revisions\/3249"}],"wp:attachment":[{"href":"https:\/\/lesgonies.fr\/index.php\/wp-json\/wp\/v2\/media?parent=77"}],"curies":[{"name":"wp","href":"https:\/\/api.w.org\/{rel}","templated":true}]}}